{"id":2037,"date":"2025-02-12T09:00:21","date_gmt":"2025-02-12T09:00:21","guid":{"rendered":"https:\/\/www.jk7spawellness.com\/datenschutz\/"},"modified":"2026-03-20T13:09:37","modified_gmt":"2026-03-20T13:09:37","slug":"datenschutz","status":"publish","type":"page","link":"https:\/\/www.jk7spawellness.com\/de\/datenschutz\/","title":{"rendered":"Datenschutz"},"content":{"rendered":"\t\t<div data-elementor-type=\"wp-post\" data-elementor-id=\"2037\" class=\"elementor elementor-2037 elementor-1090\" data-elementor-post-type=\"page\">\n\t\t\t\t<div class=\"elementor-element elementor-element-f378be0 e-con-full e-flex e-con e-parent\" data-id=\"f378be0\" data-element_type=\"container\" data-e-type=\"container\" data-settings=\"{&quot;background_background&quot;:&quot;classic&quot;}\">\n\t\t<div class=\"elementor-element elementor-element-71cc007 e-con-full e-flex e-con e-child\" data-id=\"71cc007\" data-element_type=\"container\" data-e-type=\"container\">\n\t\t\t\t<div class=\"elementor-element elementor-element-4a00554 elementor-widget elementor-widget-heading\" data-id=\"4a00554\" data-element_type=\"widget\" data-e-type=\"widget\" data-widget_type=\"heading.default\">\n\t\t\t\t<div class=\"elementor-widget-container\">\n\t\t\t\t\t<h1 class=\"elementor-heading-title elementor-size-default\">Datenschutz<\/h1>\t\t\t\t<\/div>\n\t\t\t\t<\/div>\n\t\t\t\t<div class=\"elementor-element elementor-element-6078c6c elementor-widget__width-initial elementor-widget-mobile__width-inherit elementor-widget elementor-widget-text-editor\" data-id=\"6078c6c\" data-element_type=\"widget\" data-e-type=\"widget\" data-widget_type=\"text-editor.default\">\n\t\t\t\t<div class=\"elementor-widget-container\">\n\t\t\t\t\t\t\t\t\t<p>JK7 SPA &amp; WELLNESS GmbH ist sich bewusst, wie wichtig der Schutz der Privatsph\u00e4re aller Verbraucher (&#8222;Sie&#8220; oder &#8222;Nutzer&#8220;) ist, die die von https:\/\/jk7spawellness.com\/ betriebenen oder gesponserten Websites besuchen. Wir glauben auch, dass es wichtig ist, Sie dar\u00fcber zu informieren, wie wir Ihre pers\u00f6nlichen Daten verwenden, und Ihnen die Wahl zu lassen, wie diese Daten verwendet werden sollen. Aus diesen Gr\u00fcnden empfehlen wir Ihnen, diese Datenschutzrichtlinie sorgf\u00e4ltig zu lesen.<\/p><p>Diese Datenschutzrichtlinie gilt f\u00fcr Personen, die die Teile der Website von JK 7 SPA &amp; WELLNESS GmbH besuchen, die unter jk7spawellness.com zug\u00e4nglich sind, sowie f\u00fcr alle anderen <sup class=\"reg\">JK7\u00ae-Websites<\/sup> oder Webseiten, die \u00fcber die Website jk7spawellness.com zug\u00e4nglich sind, oder f\u00fcr andere Werbe-Websites, die <sup class=\"reg\">JK7\u00ae<\/sup> hostet oder sponsert, wie z.B. Seiten in sozialen Netzwerken Dritter, die sich an Verbraucher in den Vereinigten Staaten richten.<\/p><p>Diese Datenschutzrichtlinie gilt nur f\u00fcr die von uns \u00fcber die Websites gesammelten Informationen und erstreckt sich nicht auf andere Websites, einschlie\u00dflich anderer l\u00e4nderspezifischer Seiten der JK7 SPA &amp; WELLNESS GmbH oder regionalspezifischer Seiten, die f\u00fcr nicht-amerikanische Benutzer bestimmt sind. Pers\u00f6nliche Daten, die \u00fcber die Websites gesammelt werden, werden direkt an Server in den Vereinigten Staaten \u00fcbermittelt. Wir k\u00f6nnen Ihre pers\u00f6nlichen Daten jedoch zu den unten beschriebenen Zwecken in andere L\u00e4nder \u00fcbertragen.<\/p><p>Die Gesetze der Vereinigten Staaten von Amerika gelten f\u00fcr die Erfassung von pers\u00f6nlichen Daten wie unten definiert. Die Gesetze der Vereinigten Staaten und anderer L\u00e4nder, an die wir Ihre pers\u00f6nlichen Daten weitergeben, bieten m\u00f6glicherweise nicht das gleiche Schutzniveau wie die Gesetze in Ihrem Heimatland, wenn Sie von au\u00dferhalb der Vereinigten Staaten auf Websites zugreifen, die f\u00fcr Verbraucher in den Vereinigten Staaten bestimmt sind.<\/p><h2>Datenschutzgesetz in Europa (DSGVO)<\/h2><p>Hiermit geben wir \u00c4nderungen an unserer Datenschutzerkl\u00e4rung im Rahmen der bevorstehenden \u00c4nderungen des <strong>europ\u00e4ischen Datenschutzgesetzes (DSGVO)<\/strong> bekannt. Diese werden am 25. Mai 2018 in Kraft treten.<\/p><ul><li>Die von Ihnen angegebenen Daten (Name, Titel, Geburtsdatum, Telefonnummer, E-Mail-Adresse, Postanschrift) und die Daten \u00fcber Ihre <sup class=\"reg\">JK7\u00ae<\/sup> Eink\u00e4ufe oder <sup class=\"reg\">JK7\u00ae<\/sup> Aufenthalte werden im erforderlichen Umfang und f\u00fcr die Dauer der Gesch\u00e4ftsbeziehung gespeichert und f\u00fcr die Zusendung von Informationen und Werbung \u00fcber <sup class=\"reg\">JK7\u00ae<\/sup> Produkte per E-Mail und Post, die Zusendung eines elektronischen Newsletters, Informationen \u00fcber die Verf\u00fcgbarkeit von bestellten Kosmetikprodukten und Anfragen \u00fcber Aufenthalte in den <sup class=\"reg\">JK7\u00ae<\/sup> Retreats per Telefon und E-Mail verwendet.<\/li><li>Die Gesch\u00e4ftsf\u00fchrung ist f\u00fcr die Verarbeitung verantwortlich und kann unter den folgenden Kontaktdaten erreicht werden: JK 7 Spa &amp; Wellness GmbH, Jellenkogel 4, 9112 Griffen, \u00d6sterreich, Rufnummer: +43 4233 22922<\/li><li>Im Falle einer \u00dcbertragung der Gesch\u00e4ftsf\u00fchrung stimmen Sie der Mit\u00fcbertragung der oben genannten Daten und der \u00dcbertragung der Verantwortung auf den neuen Gesch\u00e4ftsinhaber zu.<\/li><li>Sie k\u00f6nnen Ihre Zustimmung jederzeit per Brief an JK 7 Spa &amp; Wellness GmbH, Jellenkogel 4, 9112 Griffen, \u00d6sterreich, Telefonnummer, widerrufen: +43 4233 22922. Ab dem Zeitpunkt, zu dem der Widerruf bei dem Unternehmen eingeht, wird keine weitere Datenverarbeitung auf der Grundlage dieser Einwilligungserkl\u00e4rung durchgef\u00fchrt. Die Rechtm\u00e4\u00dfigkeit der Verarbeitung der personenbezogenen Daten bleibt bis zum Eingang des Widerrufs unber\u00fchrt.<\/li><li>Das Recht auf Auskunft, Berichtigung, L\u00f6schung, Einschr\u00e4nkung der Verarbeitung, Daten\u00fcbermittlung und Beschwerden k\u00f6nnen Sie jederzeit bei der Datenschutzbeh\u00f6rde geltend machen.<\/li><\/ul><h3>Cookies<\/h3><p>Um Ihren Besuch auf unserer Website attraktiv zu gestalten und die Nutzung bestimmter Funktionen zu erm\u00f6glichen, verwenden wir auf verschiedenen Seiten Cookies. Dies sind kleine Textdateien, die auf Ihrem (mobilen) Ger\u00e4t gespeichert sind. Einige der von uns verwendeten Cookies werden nach dem Ende der Browser-Sitzung gel\u00f6scht. Einige Cookies verbleiben auf Ihrem (mobilen) Ger\u00e4t und erm\u00f6glichen es uns, Ihren Browser bei Ihrem n\u00e4chsten Besuch zu erkennen. Sie k\u00f6nnen Ihren Browser so einstellen, dass Sie \u00fcber das Setzen von Cookies informiert werden und individuell \u00fcber deren Annahme entscheiden oder die Annahme von Cookies f\u00fcr bestimmte F\u00e4lle oder generell ausschlie\u00dfen. Wenn Sie keine Cookies akzeptieren, kann die Funktionalit\u00e4t unserer Website eingeschr\u00e4nkt sein.<\/p><h3>Google Analytics<\/h3><p>Zum Zwecke der bedarfsgerechten Gestaltung und fortlaufenden Optimierung unserer Website nutzen wir Funktionen des Webanalysedienstes Google Analytics, Anbieter ist die Google Inc. 1600 Amphitheatre Parkway Mountain View, CA 94043, USA. Google Analytics verwendet sogenannte &#8222;Cookies&#8220;. Das sind Textdateien, die auf Ihrem Computer gespeichert werden und die eine Analyse der Benutzung der Website durch Sie erm\u00f6glichen. Die durch Cookies erzeugten Informationen \u00fcber Ihre Benutzung dieser Website werden in der Regel an einen Server von Google in den USA \u00fcbertragen und dort gespeichert.<\/p><p>Wir verwenden Google Analytics nur mit aktivierter IP-Anonymisierung. Das bedeutet, dass Ihre IP-Adresse auf dieser Website von Google innerhalb von Mitgliedstaaten der Europ\u00e4ischen Union oder in anderen Vertragsstaaten des Abkommens \u00fcber den Europ\u00e4ischen Wirtschaftsraum zuvor gek\u00fcrzt wird. Nur in Ausnahmef\u00e4llen wird die volle IP-Adresse an einen Server von Google in den USA \u00fcbertragen und dort gek\u00fcrzt.<\/p><p>Im Auftrag des Betreibers dieser Website wird Google diese Informationen benutzen, um Ihre Nutzung der Website auszuwerten, um Reports \u00fcber die Websiteaktivit\u00e4ten zusammenzustellen und um weitere mit der Websitenutzung und der Internetnutzung verbundene Dienstleistungen gegen\u00fcber dem Websitebetreiber zu erbringen. Die von Ihrem Browser im Rahmen von Google Analytics \u00fcbermittelte IP-Adresse wird nicht mit anderen Daten von Google zusammengef\u00fchrt. Sie k\u00f6nnen die Verwendung von Cookies verweigern, indem Sie die entsprechenden Einstellungen in Ihrem Browser vornehmen. Bitte beachten Sie jedoch, dass Sie in diesem Fall m\u00f6glicherweise nicht die volle Funktionalit\u00e4t dieser Website nutzen k\u00f6nnen.<\/p><p>Sie k\u00f6nnen dar\u00fcber hinaus die Erfassung der durch das Cookie erzeugten und auf Ihre Nutzung der Website bezogenen Daten (inkl. Ihrer IP-Adresse) an Google sowie die Verarbeitung dieser Daten durch Google verhindern, indem Sie das unter dem folgenden Link verf\u00fcgbare Browser-Plugin herunterladen und installieren:<br>https:\/\/tools.google.com\/dlpage\/gaoptout?hl=en.<\/p><p>Weitere Informationen \u00fcber die Nutzung von Daten zu Werbezwecken durch Google, Einstellungs- und Widerspruchsm\u00f6glichkeiten finden Sie auf den Websites von Google: https:\/\/policies.google.com\/technologies\/partner-sites?hl=en \/ https:\/\/policies.google.com\/technologies\/ads?hl=en \/ http:\/\/www.google.de\/settings\/ads und http:\/\/www.google.com\/ads\/preferences\/<\/p>\t\t\t\t\t\t\t\t<\/div>\n\t\t\t\t<\/div>\n\t\t\t\t<\/div>\n\t\t\t\t<\/div>\n\t\t\t\t<\/div>\n\t\t","protected":false},"excerpt":{"rendered":"<p>JK7 SPA &amp; WELLNESS GmbH ist sich bewusst, wie wichtig der Schutz der Privatsph\u00e4re aller Verbraucher (&#8222;Sie&#8220; oder &#8222;Nutzer&#8220;) ist, die die von https:\/\/jk7spawellness.com\/ betriebenen oder gesponserten Websites besuchen. Wir glauben auch, dass es wichtig ist, Sie dar\u00fcber zu informieren, wie wir Ihre pers\u00f6nlichen Daten verwenden, und Ihnen die Wahl zu lassen, wie diese Daten [&hellip;]<\/p>\n","protected":false},"author":1,"featured_media":0,"parent":0,"menu_order":0,"comment_status":"closed","ping_status":"closed","template":"","meta":{"_glsr_average":0,"_glsr_ranking":0,"_glsr_reviews":0,"footnotes":""},"class_list":["post-2037","page","type-page","status-publish","hentry"],"yoast_head":"<!-- This site is optimized with the Yoast SEO plugin v27.4 - https:\/\/yoast.com\/product\/yoast-seo-wordpress\/ -->\n<title>Daten und Datenschutz | JK7\u00ae Spa &amp; Skincare<\/title>\n<meta name=\"description\" content=\"Ihre Privatsph\u00e4re z\u00e4hlt: Unsere JK7\u00ae Datenschutz-Richtlinie erkl\u00e4rt, wie wir Ihre Daten mit Sorgfalt, Vertraulichkeit und Transparenz sch\u00fctzen.\" \/>\n<meta name=\"robots\" content=\"index, follow, max-snippet:-1, max-image-preview:large, max-video-preview:-1\" \/>\n<link rel=\"canonical\" href=\"https:\/\/www.jk7spawellness.com\/de\/datenschutz\/\" \/>\n<meta property=\"og:locale\" content=\"de_DE\" \/>\n<meta property=\"og:type\" content=\"article\" \/>\n<meta property=\"og:title\" content=\"Daten und Datenschutz | JK7\u00ae Spa &amp; Skincare\" \/>\n<meta property=\"og:description\" content=\"Ihre Privatsph\u00e4re z\u00e4hlt: Unsere JK7\u00ae Datenschutz-Richtlinie erkl\u00e4rt, wie wir Ihre Daten mit Sorgfalt, Vertraulichkeit und Transparenz sch\u00fctzen.\" \/>\n<meta property=\"og:url\" content=\"https:\/\/www.jk7spawellness.com\/de\/datenschutz\/\" \/>\n<meta property=\"og:site_name\" content=\"Luxury Wellness Retreat in Austria | JK7\u00ae Spa &amp; Skincare\" \/>\n<meta property=\"article:modified_time\" content=\"2026-03-20T13:09:37+00:00\" \/>\n<meta name=\"twitter:card\" content=\"summary_large_image\" \/>\n<meta name=\"twitter:label1\" content=\"Gesch\u00e4tzte Lesezeit\" \/>\n\t<meta name=\"twitter:data1\" content=\"5\u00a0Minuten\" \/>\n<script type=\"application\/ld+json\" class=\"yoast-schema-graph\">{\"@context\":\"https:\\\/\\\/schema.org\",\"@graph\":[{\"@type\":\"WebPage\",\"@id\":\"https:\\\/\\\/www.jk7spawellness.com\\\/de\\\/datenschutz\\\/\",\"url\":\"https:\\\/\\\/www.jk7spawellness.com\\\/de\\\/datenschutz\\\/\",\"name\":\"Daten und Datenschutz | JK7\u00ae Spa & Skincare\",\"isPartOf\":{\"@id\":\"https:\\\/\\\/www.jk7spawellness.com\\\/de\\\/#website\"},\"datePublished\":\"2025-02-12T09:00:21+00:00\",\"dateModified\":\"2026-03-20T13:09:37+00:00\",\"description\":\"Ihre Privatsph\u00e4re z\u00e4hlt: Unsere JK7\u00ae Datenschutz-Richtlinie erkl\u00e4rt, wie wir Ihre Daten mit Sorgfalt, Vertraulichkeit und Transparenz sch\u00fctzen.\",\"breadcrumb\":{\"@id\":\"https:\\\/\\\/www.jk7spawellness.com\\\/de\\\/datenschutz\\\/#breadcrumb\"},\"inLanguage\":\"de\",\"potentialAction\":[{\"@type\":\"ReadAction\",\"target\":[\"https:\\\/\\\/www.jk7spawellness.com\\\/de\\\/datenschutz\\\/\"]}]},{\"@type\":\"BreadcrumbList\",\"@id\":\"https:\\\/\\\/www.jk7spawellness.com\\\/de\\\/datenschutz\\\/#breadcrumb\",\"itemListElement\":[{\"@type\":\"ListItem\",\"position\":1,\"name\":\"Startseite\",\"item\":\"https:\\\/\\\/www.jk7spawellness.com\\\/de\\\/startseite\\\/\"},{\"@type\":\"ListItem\",\"position\":2,\"name\":\"Datenschutz\"}]},{\"@type\":\"WebSite\",\"@id\":\"https:\\\/\\\/www.jk7spawellness.com\\\/de\\\/#website\",\"url\":\"https:\\\/\\\/www.jk7spawellness.com\\\/de\\\/\",\"name\":\"Luxury Wellness Retreat in Austria | JK7\u00ae Spa &amp; Skincare\",\"description\":\"Luxury Wellness Retreat in Austria\",\"potentialAction\":[{\"@type\":\"SearchAction\",\"target\":{\"@type\":\"EntryPoint\",\"urlTemplate\":\"https:\\\/\\\/www.jk7spawellness.com\\\/de\\\/?s={search_term_string}\"},\"query-input\":{\"@type\":\"PropertyValueSpecification\",\"valueRequired\":true,\"valueName\":\"search_term_string\"}}],\"inLanguage\":\"de\"}]}<\/script>\n<!-- \/ Yoast SEO plugin. -->","yoast_head_json":{"title":"Daten und Datenschutz | JK7\u00ae Spa & Skincare","description":"Ihre Privatsph\u00e4re z\u00e4hlt: Unsere JK7\u00ae Datenschutz-Richtlinie erkl\u00e4rt, wie wir Ihre Daten mit Sorgfalt, Vertraulichkeit und Transparenz sch\u00fctzen.","robots":{"index":"index","follow":"follow","max-snippet":"max-snippet:-1","max-image-preview":"max-image-preview:large","max-video-preview":"max-video-preview:-1"},"canonical":"https:\/\/www.jk7spawellness.com\/de\/datenschutz\/","og_locale":"de_DE","og_type":"article","og_title":"Daten und Datenschutz | JK7\u00ae Spa & Skincare","og_description":"Ihre Privatsph\u00e4re z\u00e4hlt: Unsere JK7\u00ae Datenschutz-Richtlinie erkl\u00e4rt, wie wir Ihre Daten mit Sorgfalt, Vertraulichkeit und Transparenz sch\u00fctzen.","og_url":"https:\/\/www.jk7spawellness.com\/de\/datenschutz\/","og_site_name":"Luxury Wellness Retreat in Austria | JK7\u00ae Spa &amp; Skincare","article_modified_time":"2026-03-20T13:09:37+00:00","twitter_card":"summary_large_image","twitter_misc":{"Gesch\u00e4tzte Lesezeit":"5\u00a0Minuten"},"schema":{"@context":"https:\/\/schema.org","@graph":[{"@type":"WebPage","@id":"https:\/\/www.jk7spawellness.com\/de\/datenschutz\/","url":"https:\/\/www.jk7spawellness.com\/de\/datenschutz\/","name":"Daten und Datenschutz | JK7\u00ae Spa & Skincare","isPartOf":{"@id":"https:\/\/www.jk7spawellness.com\/de\/#website"},"datePublished":"2025-02-12T09:00:21+00:00","dateModified":"2026-03-20T13:09:37+00:00","description":"Ihre Privatsph\u00e4re z\u00e4hlt: Unsere JK7\u00ae Datenschutz-Richtlinie erkl\u00e4rt, wie wir Ihre Daten mit Sorgfalt, Vertraulichkeit und Transparenz sch\u00fctzen.","breadcrumb":{"@id":"https:\/\/www.jk7spawellness.com\/de\/datenschutz\/#breadcrumb"},"inLanguage":"de","potentialAction":[{"@type":"ReadAction","target":["https:\/\/www.jk7spawellness.com\/de\/datenschutz\/"]}]},{"@type":"BreadcrumbList","@id":"https:\/\/www.jk7spawellness.com\/de\/datenschutz\/#breadcrumb","itemListElement":[{"@type":"ListItem","position":1,"name":"Startseite","item":"https:\/\/www.jk7spawellness.com\/de\/startseite\/"},{"@type":"ListItem","position":2,"name":"Datenschutz"}]},{"@type":"WebSite","@id":"https:\/\/www.jk7spawellness.com\/de\/#website","url":"https:\/\/www.jk7spawellness.com\/de\/","name":"Luxury Wellness Retreat in Austria | JK7\u00ae Spa &amp; Skincare","description":"Luxury Wellness Retreat in Austria","potentialAction":[{"@type":"SearchAction","target":{"@type":"EntryPoint","urlTemplate":"https:\/\/www.jk7spawellness.com\/de\/?s={search_term_string}"},"query-input":{"@type":"PropertyValueSpecification","valueRequired":true,"valueName":"search_term_string"}}],"inLanguage":"de"}]}},"_links":{"self":[{"href":"https:\/\/www.jk7spawellness.com\/de\/wp-json\/wp\/v2\/pages\/2037","targetHints":{"allow":["GET"]}}],"collection":[{"href":"https:\/\/www.jk7spawellness.com\/de\/wp-json\/wp\/v2\/pages"}],"about":[{"href":"https:\/\/www.jk7spawellness.com\/de\/wp-json\/wp\/v2\/types\/page"}],"author":[{"embeddable":true,"href":"https:\/\/www.jk7spawellness.com\/de\/wp-json\/wp\/v2\/users\/1"}],"replies":[{"embeddable":true,"href":"https:\/\/www.jk7spawellness.com\/de\/wp-json\/wp\/v2\/comments?post=2037"}],"version-history":[{"count":1,"href":"https:\/\/www.jk7spawellness.com\/de\/wp-json\/wp\/v2\/pages\/2037\/revisions"}],"predecessor-version":[{"id":2039,"href":"https:\/\/www.jk7spawellness.com\/de\/wp-json\/wp\/v2\/pages\/2037\/revisions\/2039"}],"wp:attachment":[{"href":"https:\/\/www.jk7spawellness.com\/de\/wp-json\/wp\/v2\/media?parent=2037"}],"curies":[{"name":"wp","href":"https:\/\/api.w.org\/{rel}","templated":true}]}}