{"id":2034,"date":"2025-02-12T08:38:11","date_gmt":"2025-02-12T08:38:11","guid":{"rendered":"https:\/\/www.jk7spawellness.com\/impressum\/"},"modified":"2025-09-15T11:12:18","modified_gmt":"2025-09-15T11:12:18","slug":"impressum","status":"publish","type":"page","link":"https:\/\/www.jk7spawellness.com\/de\/impressum\/","title":{"rendered":"Impressum"},"content":{"rendered":"\t\t<div data-elementor-type=\"wp-post\" data-elementor-id=\"2034\" class=\"elementor elementor-2034 elementor-1080\" data-elementor-post-type=\"page\">\n\t\t\t\t<div class=\"elementor-element elementor-element-f378be0 e-con-full e-flex e-con e-parent\" data-id=\"f378be0\" data-element_type=\"container\" data-e-type=\"container\" data-settings=\"{&quot;background_background&quot;:&quot;classic&quot;}\">\n\t\t<div class=\"elementor-element elementor-element-71cc007 e-con-full e-flex e-con e-child\" data-id=\"71cc007\" data-element_type=\"container\" data-e-type=\"container\">\n\t\t\t\t<div class=\"elementor-element elementor-element-27ff778 elementor-widget elementor-widget-heading\" data-id=\"27ff778\" data-element_type=\"widget\" data-e-type=\"widget\" data-widget_type=\"heading.default\">\n\t\t\t\t<div class=\"elementor-widget-container\">\n\t\t\t\t\t<h1 class=\"elementor-heading-title elementor-size-default\">Impressum<\/h1>\t\t\t\t<\/div>\n\t\t\t\t<\/div>\n\t\t\t\t<div class=\"elementor-element elementor-element-6078c6c elementor-widget__width-initial e-add-animated e-add-animated-liveyes elementor-widget-mobile__width-inherit elementor-widget elementor-widget-text-editor\" data-id=\"6078c6c\" data-element_type=\"widget\" data-e-type=\"widget\" data-settings=\"{&quot;e_animations_enable&quot;:&quot;yes&quot;,&quot;alpha_transition_liveanim&quot;:&quot;alphaopacity&quot;,&quot;vertical_transition_liveanim&quot;:&quot;tobottom&quot;,&quot;entrance_amount_liveanim&quot;:{&quot;unit&quot;:&quot;px&quot;,&quot;size&quot;:0.2,&quot;sizes&quot;:[]},&quot;entrance_speed_liveanim&quot;:{&quot;unit&quot;:&quot;px&quot;,&quot;size&quot;:1,&quot;sizes&quot;:[]},&quot;entrance_delay_liveanim&quot;:{&quot;unit&quot;:&quot;px&quot;,&quot;size&quot;:0,&quot;sizes&quot;:[]},&quot;equation_entrance_animation_liveanim&quot;:&quot;power3&quot;,&quot;ease_entrance_animation_liveanim&quot;:&quot;inOut&quot;}\" data-widget_type=\"text-editor.default\">\n\t\t\t\t<div class=\"elementor-widget-container\">\n\t\t\t\t\t<div class=\"e-add-animations-entrance\">\t\t\t\t<p>JK7 Spa &amp; Wellness GmbH<\/p><p>Jellenkogel 4<\/p><p>9112 Griffen, W\u00f6lfnitz<\/p><p>Tel.: +43 4233 22922<\/p><p>Fax: +43 4233 22922-8<\/p><p>E-Mail: Soho@jk7spawellness.com<\/p><p>Gesch\u00e4ftsf\u00fchrerin: Karin Klein<\/p><p>Kammerzugeh\u00f6rigkeit: WKO Tourismus<br>UID-Nummer: ATU 68118155<br>Registernummer FN: 401726z<br>Handelsgericht: V\u00f6lkermarkt<\/p><p>Web-Programmierung &amp; Design:  <\/p><p>Allgemeine Terminal-Hotellerie: <a href=\"https:\/\/www.wko.at\/oe\/tourismus-freizeitwirtschaft\/hotellerie\/agb-hotellerie.pdf\" target=\"_blank\" rel=\"noopener\">https:\/\/www.wko.at\/branchen\/tourismus-freizeitwirtschaft\/hotellerie\/AGBH_061115.pdf<\/a><\/p><p>F\u00fcr die Online-Streitbeilegung, Europ\u00e4ische Kommission: <a href=\"http:\/\/ec.europa.eu\/consumers\/odr\/\" target=\"_blank\" rel=\"nofollow noopener\">http:\/\/ec.europa.eu\/consumers\/odr\/<\/a><\/p>\t\t\t\t<\/div>\t\t\t\t<\/div>\n\t\t\t\t<\/div>\n\t\t\t\t<div class=\"elementor-element elementor-element-42e7bcd e-add-animated e-add-animated-liveyes elementor-widget elementor-widget-text-editor\" data-id=\"42e7bcd\" data-element_type=\"widget\" data-e-type=\"widget\" data-settings=\"{&quot;e_animations_enable&quot;:&quot;yes&quot;,&quot;alpha_transition_liveanim&quot;:&quot;alphaopacity&quot;,&quot;vertical_transition_liveanim&quot;:&quot;tobottom&quot;,&quot;entrance_amount_liveanim&quot;:{&quot;unit&quot;:&quot;px&quot;,&quot;size&quot;:0.05,&quot;sizes&quot;:[]},&quot;entrance_speed_liveanim&quot;:{&quot;unit&quot;:&quot;px&quot;,&quot;size&quot;:1,&quot;sizes&quot;:[]},&quot;entrance_delay_liveanim&quot;:{&quot;unit&quot;:&quot;px&quot;,&quot;size&quot;:0,&quot;sizes&quot;:[]},&quot;equation_entrance_animation_liveanim&quot;:&quot;power3&quot;,&quot;ease_entrance_animation_liveanim&quot;:&quot;inOut&quot;}\" data-widget_type=\"text-editor.default\">\n\t\t\t\t<div class=\"elementor-widget-container\">\n\t\t\t\t\t<div class=\"e-add-animations-entrance\">\t\t\t\t<p>Rechtlicher Hinweis<\/p>\t\t\t\t<\/div>\t\t\t\t<\/div>\n\t\t\t\t<\/div>\n\t\t\t\t<div class=\"elementor-element elementor-element-d836f75 elementor-widget__width-initial e-add-animated e-add-animated-liveyes elementor-widget-mobile__width-inherit elementor-widget elementor-widget-text-editor\" data-id=\"d836f75\" data-element_type=\"widget\" data-e-type=\"widget\" data-settings=\"{&quot;e_animations_enable&quot;:&quot;yes&quot;,&quot;alpha_transition_liveanim&quot;:&quot;alphaopacity&quot;,&quot;vertical_transition_liveanim&quot;:&quot;tobottom&quot;,&quot;entrance_amount_liveanim&quot;:{&quot;unit&quot;:&quot;px&quot;,&quot;size&quot;:0.2,&quot;sizes&quot;:[]},&quot;entrance_speed_liveanim&quot;:{&quot;unit&quot;:&quot;px&quot;,&quot;size&quot;:1,&quot;sizes&quot;:[]},&quot;entrance_delay_liveanim&quot;:{&quot;unit&quot;:&quot;px&quot;,&quot;size&quot;:0,&quot;sizes&quot;:[]},&quot;equation_entrance_animation_liveanim&quot;:&quot;power3&quot;,&quot;ease_entrance_animation_liveanim&quot;:&quot;inOut&quot;}\" data-widget_type=\"text-editor.default\">\n\t\t\t\t<div class=\"elementor-widget-container\">\n\t\t\t\t\t<div class=\"e-add-animations-entrance\">\t\t\t\t<p>Trotz sorgf\u00e4ltiger inhaltlicher Kontrolle \u00fcbernehmen wir keine Haftung f\u00fcr die Inhalte externer Links.<\/p><p>F\u00fcr den Inhalt der verlinkten Seiten sind ausschlie\u00dflich deren Betreiber verantwortlich.<\/p>\t\t\t\t<\/div>\t\t\t\t<\/div>\n\t\t\t\t<\/div>\n\t\t\t\t<\/div>\n\t\t\t\t<\/div>\n\t\t\t\t<\/div>\n\t\t","protected":false},"excerpt":{"rendered":"<p>JK7 Spa &amp; Wellness GmbH Jellenkogel 4 9112 Griffen, W\u00f6lfnitz Tel.: +43 4233 22922 Fax: +43 4233 22922-8 E-Mail: Soho@jk7spawellness.com Gesch\u00e4ftsf\u00fchrerin: Karin Klein Kammerzugeh\u00f6rigkeit: WKO TourismusUID-Nummer: ATU 68118155Registernummer FN: 401726zHandelsgericht: V\u00f6lkermarkt Web-Programmierung &amp; Design: Allgemeine Terminal-Hotellerie: https:\/\/www.wko.at\/branchen\/tourismus-freizeitwirtschaft\/hotellerie\/AGBH_061115.pdf F\u00fcr die Online-Streitbeilegung, Europ\u00e4ische Kommission: http:\/\/ec.europa.eu\/consumers\/odr\/ Rechtlicher Hinweis Trotz sorgf\u00e4ltiger inhaltlicher Kontrolle \u00fcbernehmen wir keine Haftung f\u00fcr die [&hellip;]<\/p>\n","protected":false},"author":1,"featured_media":0,"parent":0,"menu_order":0,"comment_status":"closed","ping_status":"closed","template":"","meta":{"_glsr_average":0,"_glsr_ranking":0,"_glsr_reviews":0,"footnotes":""},"class_list":["post-2034","page","type-page","status-publish","hentry"],"yoast_head":"<!-- This site is optimized with the Yoast SEO plugin v27.3 - https:\/\/yoast.com\/product\/yoast-seo-wordpress\/ -->\n<title>Impressum | Luxury Wellness Retreat in Austria | JK7\u00ae Spa &amp; Skincare<\/title>\n<meta name=\"description\" content=\"JK7\u00ae Impressum: Hier finden Sie transparente Informationen zum Betreiber, zur rechtlichen Struktur und zu den Kontaktdaten unseres Retreats.\" \/>\n<meta name=\"robots\" content=\"index, follow, max-snippet:-1, max-image-preview:large, max-video-preview:-1\" \/>\n<link rel=\"canonical\" href=\"https:\/\/www.jk7spawellness.com\/de\/impressum\/\" \/>\n<meta property=\"og:locale\" content=\"de_DE\" \/>\n<meta property=\"og:type\" content=\"article\" \/>\n<meta property=\"og:title\" content=\"Impressum | Luxury Wellness Retreat in Austria | JK7\u00ae Spa &amp; Skincare\" \/>\n<meta property=\"og:description\" content=\"JK7\u00ae Impressum: Hier finden Sie transparente Informationen zum Betreiber, zur rechtlichen Struktur und zu den Kontaktdaten unseres Retreats.\" \/>\n<meta property=\"og:url\" content=\"https:\/\/www.jk7spawellness.com\/de\/impressum\/\" \/>\n<meta property=\"og:site_name\" content=\"Luxury Wellness Retreat in Austria | JK7\u00ae Spa &amp; Skincare\" \/>\n<meta property=\"article:modified_time\" content=\"2025-09-15T11:12:18+00:00\" \/>\n<meta name=\"twitter:card\" content=\"summary_large_image\" \/>\n<script type=\"application\/ld+json\" class=\"yoast-schema-graph\">{\"@context\":\"https:\\\/\\\/schema.org\",\"@graph\":[{\"@type\":\"WebPage\",\"@id\":\"https:\\\/\\\/www.jk7spawellness.com\\\/de\\\/impressum\\\/\",\"url\":\"https:\\\/\\\/www.jk7spawellness.com\\\/de\\\/impressum\\\/\",\"name\":\"Impressum | Luxury Wellness Retreat in Austria | JK7\u00ae Spa &amp; Skincare\",\"isPartOf\":{\"@id\":\"https:\\\/\\\/www.jk7spawellness.com\\\/de\\\/#website\"},\"datePublished\":\"2025-02-12T08:38:11+00:00\",\"dateModified\":\"2025-09-15T11:12:18+00:00\",\"description\":\"JK7\u00ae Impressum: Hier finden Sie transparente Informationen zum Betreiber, zur rechtlichen Struktur und zu den Kontaktdaten unseres Retreats.\",\"breadcrumb\":{\"@id\":\"https:\\\/\\\/www.jk7spawellness.com\\\/de\\\/impressum\\\/#breadcrumb\"},\"inLanguage\":\"de\",\"potentialAction\":[{\"@type\":\"ReadAction\",\"target\":[\"https:\\\/\\\/www.jk7spawellness.com\\\/de\\\/impressum\\\/\"]}]},{\"@type\":\"BreadcrumbList\",\"@id\":\"https:\\\/\\\/www.jk7spawellness.com\\\/de\\\/impressum\\\/#breadcrumb\",\"itemListElement\":[{\"@type\":\"ListItem\",\"position\":1,\"name\":\"Startseite\",\"item\":\"https:\\\/\\\/www.jk7spawellness.com\\\/de\\\/startseite\\\/\"},{\"@type\":\"ListItem\",\"position\":2,\"name\":\"Impressum\"}]},{\"@type\":\"WebSite\",\"@id\":\"https:\\\/\\\/www.jk7spawellness.com\\\/de\\\/#website\",\"url\":\"https:\\\/\\\/www.jk7spawellness.com\\\/de\\\/\",\"name\":\"Luxury Wellness Retreat in Austria | JK7\u00ae Spa &amp; Skincare\",\"description\":\"Luxury Wellness Retreat in Austria\",\"potentialAction\":[{\"@type\":\"SearchAction\",\"target\":{\"@type\":\"EntryPoint\",\"urlTemplate\":\"https:\\\/\\\/www.jk7spawellness.com\\\/de\\\/?s={search_term_string}\"},\"query-input\":{\"@type\":\"PropertyValueSpecification\",\"valueRequired\":true,\"valueName\":\"search_term_string\"}}],\"inLanguage\":\"de\"}]}<\/script>\n<!-- \/ Yoast SEO plugin. -->","yoast_head_json":{"title":"Impressum | Luxury Wellness Retreat in Austria | JK7\u00ae Spa &amp; Skincare","description":"JK7\u00ae Impressum: Hier finden Sie transparente Informationen zum Betreiber, zur rechtlichen Struktur und zu den Kontaktdaten unseres Retreats.","robots":{"index":"index","follow":"follow","max-snippet":"max-snippet:-1","max-image-preview":"max-image-preview:large","max-video-preview":"max-video-preview:-1"},"canonical":"https:\/\/www.jk7spawellness.com\/de\/impressum\/","og_locale":"de_DE","og_type":"article","og_title":"Impressum | Luxury Wellness Retreat in Austria | JK7\u00ae Spa &amp; Skincare","og_description":"JK7\u00ae Impressum: Hier finden Sie transparente Informationen zum Betreiber, zur rechtlichen Struktur und zu den Kontaktdaten unseres Retreats.","og_url":"https:\/\/www.jk7spawellness.com\/de\/impressum\/","og_site_name":"Luxury Wellness Retreat in Austria | JK7\u00ae Spa &amp; Skincare","article_modified_time":"2025-09-15T11:12:18+00:00","twitter_card":"summary_large_image","schema":{"@context":"https:\/\/schema.org","@graph":[{"@type":"WebPage","@id":"https:\/\/www.jk7spawellness.com\/de\/impressum\/","url":"https:\/\/www.jk7spawellness.com\/de\/impressum\/","name":"Impressum | Luxury Wellness Retreat in Austria | JK7\u00ae Spa &amp; Skincare","isPartOf":{"@id":"https:\/\/www.jk7spawellness.com\/de\/#website"},"datePublished":"2025-02-12T08:38:11+00:00","dateModified":"2025-09-15T11:12:18+00:00","description":"JK7\u00ae Impressum: Hier finden Sie transparente Informationen zum Betreiber, zur rechtlichen Struktur und zu den Kontaktdaten unseres Retreats.","breadcrumb":{"@id":"https:\/\/www.jk7spawellness.com\/de\/impressum\/#breadcrumb"},"inLanguage":"de","potentialAction":[{"@type":"ReadAction","target":["https:\/\/www.jk7spawellness.com\/de\/impressum\/"]}]},{"@type":"BreadcrumbList","@id":"https:\/\/www.jk7spawellness.com\/de\/impressum\/#breadcrumb","itemListElement":[{"@type":"ListItem","position":1,"name":"Startseite","item":"https:\/\/www.jk7spawellness.com\/de\/startseite\/"},{"@type":"ListItem","position":2,"name":"Impressum"}]},{"@type":"WebSite","@id":"https:\/\/www.jk7spawellness.com\/de\/#website","url":"https:\/\/www.jk7spawellness.com\/de\/","name":"Luxury Wellness Retreat in Austria | JK7\u00ae Spa &amp; Skincare","description":"Luxury Wellness Retreat in Austria","potentialAction":[{"@type":"SearchAction","target":{"@type":"EntryPoint","urlTemplate":"https:\/\/www.jk7spawellness.com\/de\/?s={search_term_string}"},"query-input":{"@type":"PropertyValueSpecification","valueRequired":true,"valueName":"search_term_string"}}],"inLanguage":"de"}]}},"_links":{"self":[{"href":"https:\/\/www.jk7spawellness.com\/de\/wp-json\/wp\/v2\/pages\/2034","targetHints":{"allow":["GET"]}}],"collection":[{"href":"https:\/\/www.jk7spawellness.com\/de\/wp-json\/wp\/v2\/pages"}],"about":[{"href":"https:\/\/www.jk7spawellness.com\/de\/wp-json\/wp\/v2\/types\/page"}],"author":[{"embeddable":true,"href":"https:\/\/www.jk7spawellness.com\/de\/wp-json\/wp\/v2\/users\/1"}],"replies":[{"embeddable":true,"href":"https:\/\/www.jk7spawellness.com\/de\/wp-json\/wp\/v2\/comments?post=2034"}],"version-history":[{"count":2,"href":"https:\/\/www.jk7spawellness.com\/de\/wp-json\/wp\/v2\/pages\/2034\/revisions"}],"predecessor-version":[{"id":3158,"href":"https:\/\/www.jk7spawellness.com\/de\/wp-json\/wp\/v2\/pages\/2034\/revisions\/3158"}],"wp:attachment":[{"href":"https:\/\/www.jk7spawellness.com\/de\/wp-json\/wp\/v2\/media?parent=2034"}],"curies":[{"name":"wp","href":"https:\/\/api.w.org\/{rel}","templated":true}]}}