{"id":2024,"date":"2025-02-13T11:19:25","date_gmt":"2025-02-13T11:19:25","guid":{"rendered":"https:\/\/www.jk7spawellness.com\/stornierungsbedingungen\/"},"modified":"2026-01-29T01:03:10","modified_gmt":"2026-01-29T01:03:10","slug":"stornierungsbedingungen","status":"publish","type":"page","link":"https:\/\/www.jk7spawellness.com\/de\/stornierungsbedingungen\/","title":{"rendered":"Stornierungsbedingungen"},"content":{"rendered":"\t\t<div data-elementor-type=\"wp-post\" data-elementor-id=\"2024\" class=\"elementor elementor-2024 elementor-1520\" data-elementor-post-type=\"page\">\n\t\t\t\t<div class=\"elementor-element elementor-element-f378be0 e-con-full e-flex e-con e-parent\" data-id=\"f378be0\" data-element_type=\"container\" data-e-type=\"container\" data-settings=\"{&quot;background_background&quot;:&quot;classic&quot;}\">\n\t\t<div class=\"elementor-element elementor-element-71cc007 e-con-full e-flex e-con e-child\" data-id=\"71cc007\" data-element_type=\"container\" data-e-type=\"container\">\n\t\t\t\t<div class=\"elementor-element elementor-element-27ff778 elementor-widget elementor-widget-heading\" data-id=\"27ff778\" data-element_type=\"widget\" data-e-type=\"widget\" data-widget_type=\"heading.default\">\n\t\t\t\t<div class=\"elementor-widget-container\">\n\t\t\t\t\t<h1 class=\"elementor-heading-title elementor-size-default\">Stornierungsbedingungen<\/h1>\t\t\t\t<\/div>\n\t\t\t\t<\/div>\n\t\t\t\t<div class=\"elementor-element elementor-element-6078c6c elementor-widget__width-initial e-add-animated e-add-animated-liveyes elementor-widget-mobile__width-inherit elementor-widget elementor-widget-text-editor\" data-id=\"6078c6c\" data-element_type=\"widget\" data-e-type=\"widget\" data-settings=\"{&quot;e_animations_enable&quot;:&quot;yes&quot;,&quot;alpha_transition_liveanim&quot;:&quot;alphaopacity&quot;,&quot;vertical_transition_liveanim&quot;:&quot;tobottom&quot;,&quot;entrance_amount_liveanim&quot;:{&quot;unit&quot;:&quot;px&quot;,&quot;size&quot;:0.2,&quot;sizes&quot;:[]},&quot;entrance_speed_liveanim&quot;:{&quot;unit&quot;:&quot;px&quot;,&quot;size&quot;:1,&quot;sizes&quot;:[]},&quot;entrance_delay_liveanim&quot;:{&quot;unit&quot;:&quot;px&quot;,&quot;size&quot;:0,&quot;sizes&quot;:[]},&quot;equation_entrance_animation_liveanim&quot;:&quot;power3&quot;,&quot;ease_entrance_animation_liveanim&quot;:&quot;inOut&quot;}\" data-widget_type=\"text-editor.default\">\n\t\t\t\t<div class=\"elementor-widget-container\">\n\t\t\t\t\t<div class=\"e-add-animations-entrance\">\t\t\t\t<div class=\"page\" title=\"Seite 10\"><div class=\"section\"><div class=\"layoutArea\"><div class=\"column\"><h4>Stornierungsrichtlinien f\u00fcr Privat\u00fcbernachtungen<\/h4><\/div><\/div><\/div><\/div><div class=\"page\" title=\"Seite 10\"><div class=\"section\"><div class=\"layoutArea\"><div class=\"column\"><p>Wenn Sie uns mindestens 60 Tage vor dem Datum Ihrer Buchung benachrichtigen, m\u00fcssen Sie eine einmalige Geb\u00fchr von 200 Euro zahlen. Erfolgt die Stornierung jedoch zu einem sp\u00e4teren Zeitpunkt, werden Ihnen 100% des Preises in Rechnung gestellt. <\/p><\/div><\/div><\/div><\/div><div class=\"page\" title=\"Seite 10\"><div class=\"section\"><div class=\"layoutArea\"><div class=\"column\"><h4>Private Day Retreat Stornierungsrichtlinien<\/h4><\/div><\/div><\/div><\/div><div class=\"page\" title=\"Seite 10\"><div class=\"section\"><div class=\"layoutArea\"><div class=\"column\"><p>Wenn Sie Ihren geplanten Day Spa-Termin nicht wahrnehmen k\u00f6nnen, benachrichtigen Sie uns bitte mindestens 48 Stunden vor dem Datum Ihrer Reservierung. Andernfalls werden Ihnen 100% des Day Spa-Betrags in Rechnung gestellt.<\/p><\/div><\/div><\/div><\/div><h4>Reservierungs- &amp; Stornierungsrichtlinien &#8211; Yoga-Retreats<\/h4><p>F\u00fcr Informationen besuchen Sie bitte: <a href=\"https:\/\/poweryogaaustria.com\/life-changing-yoga-retreat-2020\/\">Power Yoga \u00d6sterreich<\/a><\/p>\t\t\t\t<\/div>\t\t\t\t<\/div>\n\t\t\t\t<\/div>\n\t\t\t\t<\/div>\n\t\t\t\t<\/div>\n\t\t\t\t<\/div>\n\t\t","protected":false},"excerpt":{"rendered":"<p>Stornierungsrichtlinien f\u00fcr Privat\u00fcbernachtungen Wenn Sie uns mindestens 60 Tage vor dem Datum Ihrer Buchung benachrichtigen, m\u00fcssen Sie eine einmalige Geb\u00fchr von 200 Euro zahlen. Erfolgt die Stornierung jedoch zu einem sp\u00e4teren Zeitpunkt, werden Ihnen 100% des Preises in Rechnung gestellt. Private Day Retreat Stornierungsrichtlinien Wenn Sie Ihren geplanten Day Spa-Termin nicht wahrnehmen k\u00f6nnen, benachrichtigen Sie [&hellip;]<\/p>\n","protected":false},"author":1,"featured_media":0,"parent":0,"menu_order":0,"comment_status":"closed","ping_status":"closed","template":"","meta":{"_glsr_average":0,"_glsr_ranking":0,"_glsr_reviews":0,"footnotes":""},"class_list":["post-2024","page","type-page","status-publish","hentry"],"yoast_head":"<!-- This site is optimized with the Yoast SEO plugin v27.3 - https:\/\/yoast.com\/product\/yoast-seo-wordpress\/ -->\n<title>Stornierungsbedingungen | JK7\u00ae Spa &amp; Skincare<\/title>\n<meta name=\"description\" content=\"Stornierungsbedingungen f\u00fcr JK7\u00ae Spa &amp; Wellness: Details zu Fristen &amp; Geb\u00fchren f\u00fcr private Retreats, Day Spa und Yoga-Retreats finden Sie hier im \u00dcberblick.\" \/>\n<meta name=\"robots\" content=\"index, follow, max-snippet:-1, max-image-preview:large, max-video-preview:-1\" \/>\n<link rel=\"canonical\" href=\"https:\/\/www.jk7spawellness.com\/de\/stornierungsbedingungen\/\" \/>\n<meta property=\"og:locale\" content=\"de_DE\" \/>\n<meta property=\"og:type\" content=\"article\" \/>\n<meta property=\"og:title\" content=\"Stornierungsbedingungen | JK7\u00ae Spa &amp; Skincare\" \/>\n<meta property=\"og:description\" content=\"Stornierungsbedingungen f\u00fcr JK7\u00ae Spa &amp; Wellness: Details zu Fristen &amp; Geb\u00fchren f\u00fcr private Retreats, Day Spa und Yoga-Retreats finden Sie hier im \u00dcberblick.\" \/>\n<meta property=\"og:url\" content=\"https:\/\/www.jk7spawellness.com\/de\/stornierungsbedingungen\/\" \/>\n<meta property=\"og:site_name\" content=\"Luxury Wellness Retreat in Austria | JK7\u00ae Spa &amp; Skincare\" \/>\n<meta property=\"article:modified_time\" content=\"2026-01-29T01:03:10+00:00\" \/>\n<meta name=\"twitter:card\" content=\"summary_large_image\" \/>\n<meta name=\"twitter:label1\" content=\"Gesch\u00e4tzte Lesezeit\" \/>\n\t<meta name=\"twitter:data1\" content=\"1\u00a0Minute\" \/>\n<script type=\"application\/ld+json\" class=\"yoast-schema-graph\">{\"@context\":\"https:\\\/\\\/schema.org\",\"@graph\":[{\"@type\":\"WebPage\",\"@id\":\"https:\\\/\\\/www.jk7spawellness.com\\\/de\\\/stornierungsbedingungen\\\/\",\"url\":\"https:\\\/\\\/www.jk7spawellness.com\\\/de\\\/stornierungsbedingungen\\\/\",\"name\":\"Stornierungsbedingungen | JK7\u00ae Spa & Skincare\",\"isPartOf\":{\"@id\":\"https:\\\/\\\/www.jk7spawellness.com\\\/de\\\/#website\"},\"datePublished\":\"2025-02-13T11:19:25+00:00\",\"dateModified\":\"2026-01-29T01:03:10+00:00\",\"description\":\"Stornierungsbedingungen f\u00fcr JK7\u00ae Spa & Wellness: Details zu Fristen & Geb\u00fchren f\u00fcr private Retreats, Day Spa und Yoga-Retreats finden Sie hier im \u00dcberblick.\",\"breadcrumb\":{\"@id\":\"https:\\\/\\\/www.jk7spawellness.com\\\/de\\\/stornierungsbedingungen\\\/#breadcrumb\"},\"inLanguage\":\"de\",\"potentialAction\":[{\"@type\":\"ReadAction\",\"target\":[\"https:\\\/\\\/www.jk7spawellness.com\\\/de\\\/stornierungsbedingungen\\\/\"]}]},{\"@type\":\"BreadcrumbList\",\"@id\":\"https:\\\/\\\/www.jk7spawellness.com\\\/de\\\/stornierungsbedingungen\\\/#breadcrumb\",\"itemListElement\":[{\"@type\":\"ListItem\",\"position\":1,\"name\":\"Startseite\",\"item\":\"https:\\\/\\\/www.jk7spawellness.com\\\/de\\\/startseite\\\/\"},{\"@type\":\"ListItem\",\"position\":2,\"name\":\"Stornierungsbedingungen\"}]},{\"@type\":\"WebSite\",\"@id\":\"https:\\\/\\\/www.jk7spawellness.com\\\/de\\\/#website\",\"url\":\"https:\\\/\\\/www.jk7spawellness.com\\\/de\\\/\",\"name\":\"Luxury Wellness Retreat in Austria | JK7\u00ae Spa &amp; Skincare\",\"description\":\"Luxury Wellness Retreat in Austria\",\"potentialAction\":[{\"@type\":\"SearchAction\",\"target\":{\"@type\":\"EntryPoint\",\"urlTemplate\":\"https:\\\/\\\/www.jk7spawellness.com\\\/de\\\/?s={search_term_string}\"},\"query-input\":{\"@type\":\"PropertyValueSpecification\",\"valueRequired\":true,\"valueName\":\"search_term_string\"}}],\"inLanguage\":\"de\"}]}<\/script>\n<!-- \/ Yoast SEO plugin. -->","yoast_head_json":{"title":"Stornierungsbedingungen | JK7\u00ae Spa & Skincare","description":"Stornierungsbedingungen f\u00fcr JK7\u00ae Spa & Wellness: Details zu Fristen & Geb\u00fchren f\u00fcr private Retreats, Day Spa und Yoga-Retreats finden Sie hier im \u00dcberblick.","robots":{"index":"index","follow":"follow","max-snippet":"max-snippet:-1","max-image-preview":"max-image-preview:large","max-video-preview":"max-video-preview:-1"},"canonical":"https:\/\/www.jk7spawellness.com\/de\/stornierungsbedingungen\/","og_locale":"de_DE","og_type":"article","og_title":"Stornierungsbedingungen | JK7\u00ae Spa & Skincare","og_description":"Stornierungsbedingungen f\u00fcr JK7\u00ae Spa & Wellness: Details zu Fristen & Geb\u00fchren f\u00fcr private Retreats, Day Spa und Yoga-Retreats finden Sie hier im \u00dcberblick.","og_url":"https:\/\/www.jk7spawellness.com\/de\/stornierungsbedingungen\/","og_site_name":"Luxury Wellness Retreat in Austria | JK7\u00ae Spa &amp; Skincare","article_modified_time":"2026-01-29T01:03:10+00:00","twitter_card":"summary_large_image","twitter_misc":{"Gesch\u00e4tzte Lesezeit":"1\u00a0Minute"},"schema":{"@context":"https:\/\/schema.org","@graph":[{"@type":"WebPage","@id":"https:\/\/www.jk7spawellness.com\/de\/stornierungsbedingungen\/","url":"https:\/\/www.jk7spawellness.com\/de\/stornierungsbedingungen\/","name":"Stornierungsbedingungen | JK7\u00ae Spa & Skincare","isPartOf":{"@id":"https:\/\/www.jk7spawellness.com\/de\/#website"},"datePublished":"2025-02-13T11:19:25+00:00","dateModified":"2026-01-29T01:03:10+00:00","description":"Stornierungsbedingungen f\u00fcr JK7\u00ae Spa & Wellness: Details zu Fristen & Geb\u00fchren f\u00fcr private Retreats, Day Spa und Yoga-Retreats finden Sie hier im \u00dcberblick.","breadcrumb":{"@id":"https:\/\/www.jk7spawellness.com\/de\/stornierungsbedingungen\/#breadcrumb"},"inLanguage":"de","potentialAction":[{"@type":"ReadAction","target":["https:\/\/www.jk7spawellness.com\/de\/stornierungsbedingungen\/"]}]},{"@type":"BreadcrumbList","@id":"https:\/\/www.jk7spawellness.com\/de\/stornierungsbedingungen\/#breadcrumb","itemListElement":[{"@type":"ListItem","position":1,"name":"Startseite","item":"https:\/\/www.jk7spawellness.com\/de\/startseite\/"},{"@type":"ListItem","position":2,"name":"Stornierungsbedingungen"}]},{"@type":"WebSite","@id":"https:\/\/www.jk7spawellness.com\/de\/#website","url":"https:\/\/www.jk7spawellness.com\/de\/","name":"Luxury Wellness Retreat in Austria | JK7\u00ae Spa &amp; Skincare","description":"Luxury Wellness Retreat in Austria","potentialAction":[{"@type":"SearchAction","target":{"@type":"EntryPoint","urlTemplate":"https:\/\/www.jk7spawellness.com\/de\/?s={search_term_string}"},"query-input":{"@type":"PropertyValueSpecification","valueRequired":true,"valueName":"search_term_string"}}],"inLanguage":"de"}]}},"_links":{"self":[{"href":"https:\/\/www.jk7spawellness.com\/de\/wp-json\/wp\/v2\/pages\/2024","targetHints":{"allow":["GET"]}}],"collection":[{"href":"https:\/\/www.jk7spawellness.com\/de\/wp-json\/wp\/v2\/pages"}],"about":[{"href":"https:\/\/www.jk7spawellness.com\/de\/wp-json\/wp\/v2\/types\/page"}],"author":[{"embeddable":true,"href":"https:\/\/www.jk7spawellness.com\/de\/wp-json\/wp\/v2\/users\/1"}],"replies":[{"embeddable":true,"href":"https:\/\/www.jk7spawellness.com\/de\/wp-json\/wp\/v2\/comments?post=2024"}],"version-history":[{"count":1,"href":"https:\/\/www.jk7spawellness.com\/de\/wp-json\/wp\/v2\/pages\/2024\/revisions"}],"predecessor-version":[{"id":2028,"href":"https:\/\/www.jk7spawellness.com\/de\/wp-json\/wp\/v2\/pages\/2024\/revisions\/2028"}],"wp:attachment":[{"href":"https:\/\/www.jk7spawellness.com\/de\/wp-json\/wp\/v2\/media?parent=2024"}],"curies":[{"name":"wp","href":"https:\/\/api.w.org\/{rel}","templated":true}]}}