{"id":2017,"date":"2025-02-21T10:03:09","date_gmt":"2025-02-21T10:03:09","guid":{"rendered":"https:\/\/www.jk7spawellness.com\/schreiben-sie-eine-bewertung\/"},"modified":"2026-01-27T01:41:12","modified_gmt":"2026-01-27T01:41:12","slug":"schreiben-sie-eine-bewertung","status":"publish","type":"page","link":"https:\/\/www.jk7spawellness.com\/de\/schreiben-sie-eine-bewertung\/","title":{"rendered":"Schreiben Sie eine Bewertung"},"content":{"rendered":"\t\t<div data-elementor-type=\"wp-page\" data-elementor-id=\"2017\" class=\"elementor elementor-2017 elementor-1735\" data-elementor-post-type=\"page\">\n\t\t\t\t<div class=\"elementor-element elementor-element-aaf0285 e-flex e-con-boxed e-con e-parent\" data-id=\"aaf0285\" data-element_type=\"container\" data-e-type=\"container\">\n\t\t\t\t\t<div class=\"e-con-inner\">\n\t\t\t\t<div class=\"elementor-element elementor-element-7646f46 elementor-widget elementor-widget-heading\" data-id=\"7646f46\" data-element_type=\"widget\" data-e-type=\"widget\" data-widget_type=\"heading.default\">\n\t\t\t\t<div class=\"elementor-widget-container\">\n\t\t\t\t\t<h1 class=\"elementor-heading-title elementor-size-default\">Hinterlassen Sie eine Bewertung<\/h1>\t\t\t\t<\/div>\n\t\t\t\t<\/div>\n\t\t\t\t<div class=\"elementor-element elementor-element-27d8306 elementor-widget elementor-widget-shortcode\" data-id=\"27d8306\" data-element_type=\"widget\" data-e-type=\"widget\" data-widget_type=\"shortcode.default\">\n\t\t\t\t<div class=\"elementor-widget-container\">\n\t\t\t\t\t\t\t<div class=\"elementor-shortcode\"><div class=\"glsr glsr-default\" id=\"glsr_595e7636\" data-from=\"shortcode\" data-shortcode=\"site_reviews_form\"><div class=\"glsr-form-wrap\">\n    <form class=\"glsr-review-form glsr-form\" method=\"post\" enctype=\"multipart\/form-data\">\n        <input type=\"hidden\" name=\"site-reviews[_action]\" value=\"submit-review\" \/>\n<input type=\"hidden\" name=\"site-reviews[_nonce]\" value=\"d00836e3bd\" \/>\n<input type=\"hidden\" name=\"site-reviews[_post_id]\" value=\"2017\" \/>\n<input type=\"hidden\" name=\"site-reviews[_referer]\" value=\"\" \/>\n<input type=\"hidden\" name=\"site-reviews[assigned_posts]\" value=\"\" \/>\n<input type=\"hidden\" name=\"site-reviews[assigned_terms]\" value=\"\" \/>\n<input type=\"hidden\" name=\"site-reviews[assigned_users]\" value=\"\" \/>\n<input type=\"hidden\" name=\"site-reviews[excluded]\" value=\"\" \/>\n<input type=\"hidden\" name=\"site-reviews[form_id]\" value=\"glsr_595e7636\" \/>\n<input type=\"hidden\" name=\"site-reviews[terms_exist]\" value=\"1\" \/>\n<input type=\"hidden\" name=\"site-reviews[form_signature]\" value=\"SNzzzAh5VLzVRsmPPleZIWiceTP_tKoGmlMbJwHoyb-5XxN8Pwiea1SL2-ySMgayyR8nonX4q0PDGc8dWZRICjY_NT-7Rt95HzHf2-jwZ5LWXn4F3G0ZE9BSHxE06CGssWfV2pHl3iblid5PH04HDZHevufcr-3FPr4jfQc7HzinEEqcaUMoANLeaIDI50Q23rtHoUECLTwG-nn2qpmsc4N8AfUYwoMukdE73y7EsdDr6GtSClCdiSTegspGvlZWdZ52wipqT2AKMUY1FT_SMReMapSuFkHGDO3VerP1rKfTkbgv6GF0Oagbrh9HyMMpCnfEoKrUEj-YNHA4ofZh9gCVJoN-XRXkoYUFqpdHsHpRccqHbg3o-Occ1tkq1qdPHYpkTvYB9hB_HqFOKA3xLwDJWWY\" \/>\n<div class=\"glsr-field\" style=\"display:none;\"><label for=\"site-reviews-d2209bff-glsr_595e7636\">Deine Rezension<\/label><input type=\"text\" class=\"glsr-input glsr-input-text\" id=\"site-reviews-d2209bff-glsr_595e7636\" name=\"site-reviews[d2209bff]\" value=\"\" \/><\/div>\n<div class=\"glsr-field glsr-field-rating\" data-field=\"rating\">\n    <label class=\"glsr-label\" for=\"glsr_595e7636-rating\">\n    <span>Deine Gesamtbewertung<\/span>\n<\/label>\n    <select class=\"browser-default disable-select no_wrap no-wrap glsr-select\" id=\"glsr_595e7636-rating\" name=\"site-reviews[rating]\"><option value=\"\">Gib eine Punktzahl<\/option><option value=\"5\">5\u00a0Sterne<\/option><option value=\"4\">4\u00a0Sterne<\/option><option value=\"3\">3\u00a0Sterne<\/option><option value=\"2\">2\u00a0Sterne<\/option><option value=\"1\">1\u00a0Stern<\/option><\/select>\n    <div class=\"glsr-field-error\"><\/div>\n<\/div>\n<div class=\"glsr-field glsr-field-text glsr-required\" data-field=\"title\">\n    <label class=\"glsr-label\" for=\"glsr_595e7636-title\">\n    <span>Titel Deiner Bewertung<\/span>\n<\/label>\n    <input type=\"text\" class=\"glsr-input glsr-input-text\" id=\"glsr_595e7636-title\" name=\"site-reviews[title]\" required placeholder=\"Fasse Deine Bewertung zusammen oder greife ein interessantes Detail heraus\" value=\"\" \/>\n    <div class=\"glsr-field-error\"><\/div>\n<\/div>\n<div class=\"glsr-field glsr-field-textarea glsr-required\" data-field=\"content\">\n    <label class=\"glsr-label\" for=\"glsr_595e7636-content\">\n    <span>Deine Rezension<\/span>\n<\/label>\n    <textarea class=\"glsr-textarea\" id=\"glsr_595e7636-content\" name=\"site-reviews[content]\" required placeholder=\"Ver\u00f6ffentliche Deine Bewertung\" rows=\"5\"><\/textarea>\n    <div class=\"glsr-field-error\"><\/div>\n<\/div>\n<div class=\"glsr-field glsr-field-text glsr-required\" data-field=\"name\">\n    <label class=\"glsr-label\" for=\"glsr_595e7636-name\">\n    <span>Dein Name<\/span>\n<\/label>\n    <input type=\"text\" class=\"glsr-input glsr-input-text\" id=\"glsr_595e7636-name\" name=\"site-reviews[name]\" required placeholder=\"Nenne uns Deinen Namen\" value=\"\" \/>\n    <div class=\"glsr-field-error\"><\/div>\n<\/div>\n<div class=\"glsr-field glsr-field-email glsr-required\" data-field=\"email\">\n    <label class=\"glsr-label\" for=\"glsr_595e7636-email\">\n    <span>Deine E-Mail-Adresse<\/span>\n<\/label>\n    <input type=\"email\" class=\"glsr-input glsr-input-email\" id=\"glsr_595e7636-email\" name=\"site-reviews[email]\" required placeholder=\"Nenne uns Deine E-Mail-Adresse\" value=\"\" \/>\n    <div class=\"glsr-field-error\"><\/div>\n<\/div>\n<div class=\"glsr-field glsr-field-choice\" data-field=\"terms\">\n    \n    <span class=\"glsr-field-toggle\">\n    <span class=\"glsr-toggle\">\n        <label for=\"glsr_595e7636-terms-1\">Diese Bewertung basiert auf meiner pers\u00f6nlichen Erfahrung und entspricht meiner eigenen Meinung.<\/label>\n        <span class=\"glsr-toggle-switch\">\n            <input type=\"checkbox\" class=\"glsr-input-toggle\" id=\"glsr_595e7636-terms-1\" name=\"site-reviews[terms]\" value=\"1\" \/> &#8203; <!-- zero-space character used for alignment -->\n            <span class=\"glsr-toggle-track\"><\/span>\n        <\/span>\n    <\/span>\n<\/span>\n    <div class=\"glsr-field-error\"><\/div>\n<\/div>\n        <div class=\"glsr-form-message\">\n    \n<\/div>\n        <div data-field=\"submit-button\">\n    <div class=\"wp-block-buttons is-layout-flex\">\n        <div class=\"wp-block-button\">\n            <button type=\"submit\" class=\"glsr-button wp-block-button__link wp-element-button\" aria-busy=\"false\" data-loading=\"Submitting, please wait...\">Submit Review<\/button>\n        <\/div>\n    <\/div>\n<\/div>\n    <\/form>\n<\/div><\/div><\/div>\n\t\t\t\t\t\t<\/div>\n\t\t\t\t<\/div>\n\t\t\t\t\t<\/div>\n\t\t\t\t<\/div>\n\t\t\t\t<\/div>\n\t\t","protected":false},"excerpt":{"rendered":"<p>Hinterlassen Sie eine Bewertung<\/p>\n","protected":false},"author":1,"featured_media":0,"parent":0,"menu_order":0,"comment_status":"closed","ping_status":"closed","template":"","meta":{"_glsr_average":0,"_glsr_ranking":0,"_glsr_reviews":0,"footnotes":""},"class_list":["post-2017","page","type-page","status-publish","hentry"],"yoast_head":"<!-- This site is optimized with the Yoast SEO plugin v27.4 - https:\/\/yoast.com\/product\/yoast-seo-wordpress\/ -->\n<title>Hinterlassen Sie eine Bewertung | JK7\u00ae Spa &amp; Skincare<\/title>\n<meta name=\"description\" content=\"Ihr Feedback z\u00e4hlt: Bewerten Sie Aufenthalt, Skincare-Retreat oder Leadership-Offsite, damit wir stets den h\u00f6chsten Servicestandard f\u00fcr Sie garantieren k\u00f6nnen.\" \/>\n<meta name=\"robots\" content=\"index, follow, max-snippet:-1, max-image-preview:large, max-video-preview:-1\" \/>\n<link rel=\"canonical\" href=\"https:\/\/www.jk7spawellness.com\/de\/schreiben-sie-eine-bewertung\/\" \/>\n<meta property=\"og:locale\" content=\"de_DE\" \/>\n<meta property=\"og:type\" content=\"article\" \/>\n<meta property=\"og:title\" content=\"Hinterlassen Sie eine Bewertung | JK7\u00ae Spa &amp; Skincare\" \/>\n<meta property=\"og:description\" content=\"Ihr Feedback z\u00e4hlt: Bewerten Sie Aufenthalt, Skincare-Retreat oder Leadership-Offsite, damit wir stets den h\u00f6chsten Servicestandard f\u00fcr Sie garantieren k\u00f6nnen.\" \/>\n<meta property=\"og:url\" content=\"https:\/\/www.jk7spawellness.com\/de\/schreiben-sie-eine-bewertung\/\" \/>\n<meta property=\"og:site_name\" content=\"Luxury Wellness Retreat in Austria | JK7\u00ae Spa &amp; Skincare\" \/>\n<meta property=\"article:modified_time\" content=\"2026-01-27T01:41:12+00:00\" \/>\n<meta name=\"twitter:card\" content=\"summary_large_image\" \/>\n<script type=\"application\/ld+json\" class=\"yoast-schema-graph\">{\"@context\":\"https:\\\/\\\/schema.org\",\"@graph\":[{\"@type\":\"WebPage\",\"@id\":\"https:\\\/\\\/www.jk7spawellness.com\\\/de\\\/schreiben-sie-eine-bewertung\\\/\",\"url\":\"https:\\\/\\\/www.jk7spawellness.com\\\/de\\\/schreiben-sie-eine-bewertung\\\/\",\"name\":\"Hinterlassen Sie eine Bewertung | JK7\u00ae Spa & Skincare\",\"isPartOf\":{\"@id\":\"https:\\\/\\\/www.jk7spawellness.com\\\/de\\\/#website\"},\"datePublished\":\"2025-02-21T10:03:09+00:00\",\"dateModified\":\"2026-01-27T01:41:12+00:00\",\"description\":\"Ihr Feedback z\u00e4hlt: Bewerten Sie Aufenthalt, Skincare-Retreat oder Leadership-Offsite, damit wir stets den h\u00f6chsten Servicestandard f\u00fcr Sie garantieren k\u00f6nnen.\",\"breadcrumb\":{\"@id\":\"https:\\\/\\\/www.jk7spawellness.com\\\/de\\\/schreiben-sie-eine-bewertung\\\/#breadcrumb\"},\"inLanguage\":\"de\",\"potentialAction\":[{\"@type\":\"ReadAction\",\"target\":[\"https:\\\/\\\/www.jk7spawellness.com\\\/de\\\/schreiben-sie-eine-bewertung\\\/\"]}]},{\"@type\":\"BreadcrumbList\",\"@id\":\"https:\\\/\\\/www.jk7spawellness.com\\\/de\\\/schreiben-sie-eine-bewertung\\\/#breadcrumb\",\"itemListElement\":[{\"@type\":\"ListItem\",\"position\":1,\"name\":\"Startseite\",\"item\":\"https:\\\/\\\/www.jk7spawellness.com\\\/de\\\/startseite\\\/\"},{\"@type\":\"ListItem\",\"position\":2,\"name\":\"Schreiben Sie eine Bewertung\"}]},{\"@type\":\"WebSite\",\"@id\":\"https:\\\/\\\/www.jk7spawellness.com\\\/de\\\/#website\",\"url\":\"https:\\\/\\\/www.jk7spawellness.com\\\/de\\\/\",\"name\":\"Luxury Wellness Retreat in Austria | JK7\u00ae Spa &amp; Skincare\",\"description\":\"Luxury Wellness Retreat in Austria\",\"potentialAction\":[{\"@type\":\"SearchAction\",\"target\":{\"@type\":\"EntryPoint\",\"urlTemplate\":\"https:\\\/\\\/www.jk7spawellness.com\\\/de\\\/?s={search_term_string}\"},\"query-input\":{\"@type\":\"PropertyValueSpecification\",\"valueRequired\":true,\"valueName\":\"search_term_string\"}}],\"inLanguage\":\"de\"}]}<\/script>\n<!-- \/ Yoast SEO plugin. -->","yoast_head_json":{"title":"Hinterlassen Sie eine Bewertung | JK7\u00ae Spa & Skincare","description":"Ihr Feedback z\u00e4hlt: Bewerten Sie Aufenthalt, Skincare-Retreat oder Leadership-Offsite, damit wir stets den h\u00f6chsten Servicestandard f\u00fcr Sie garantieren k\u00f6nnen.","robots":{"index":"index","follow":"follow","max-snippet":"max-snippet:-1","max-image-preview":"max-image-preview:large","max-video-preview":"max-video-preview:-1"},"canonical":"https:\/\/www.jk7spawellness.com\/de\/schreiben-sie-eine-bewertung\/","og_locale":"de_DE","og_type":"article","og_title":"Hinterlassen Sie eine Bewertung | JK7\u00ae Spa & Skincare","og_description":"Ihr Feedback z\u00e4hlt: Bewerten Sie Aufenthalt, Skincare-Retreat oder Leadership-Offsite, damit wir stets den h\u00f6chsten Servicestandard f\u00fcr Sie garantieren k\u00f6nnen.","og_url":"https:\/\/www.jk7spawellness.com\/de\/schreiben-sie-eine-bewertung\/","og_site_name":"Luxury Wellness Retreat in Austria | JK7\u00ae Spa &amp; Skincare","article_modified_time":"2026-01-27T01:41:12+00:00","twitter_card":"summary_large_image","schema":{"@context":"https:\/\/schema.org","@graph":[{"@type":"WebPage","@id":"https:\/\/www.jk7spawellness.com\/de\/schreiben-sie-eine-bewertung\/","url":"https:\/\/www.jk7spawellness.com\/de\/schreiben-sie-eine-bewertung\/","name":"Hinterlassen Sie eine Bewertung | JK7\u00ae Spa & Skincare","isPartOf":{"@id":"https:\/\/www.jk7spawellness.com\/de\/#website"},"datePublished":"2025-02-21T10:03:09+00:00","dateModified":"2026-01-27T01:41:12+00:00","description":"Ihr Feedback z\u00e4hlt: Bewerten Sie Aufenthalt, Skincare-Retreat oder Leadership-Offsite, damit wir stets den h\u00f6chsten Servicestandard f\u00fcr Sie garantieren k\u00f6nnen.","breadcrumb":{"@id":"https:\/\/www.jk7spawellness.com\/de\/schreiben-sie-eine-bewertung\/#breadcrumb"},"inLanguage":"de","potentialAction":[{"@type":"ReadAction","target":["https:\/\/www.jk7spawellness.com\/de\/schreiben-sie-eine-bewertung\/"]}]},{"@type":"BreadcrumbList","@id":"https:\/\/www.jk7spawellness.com\/de\/schreiben-sie-eine-bewertung\/#breadcrumb","itemListElement":[{"@type":"ListItem","position":1,"name":"Startseite","item":"https:\/\/www.jk7spawellness.com\/de\/startseite\/"},{"@type":"ListItem","position":2,"name":"Schreiben Sie eine Bewertung"}]},{"@type":"WebSite","@id":"https:\/\/www.jk7spawellness.com\/de\/#website","url":"https:\/\/www.jk7spawellness.com\/de\/","name":"Luxury Wellness Retreat in Austria | JK7\u00ae Spa &amp; Skincare","description":"Luxury Wellness Retreat in Austria","potentialAction":[{"@type":"SearchAction","target":{"@type":"EntryPoint","urlTemplate":"https:\/\/www.jk7spawellness.com\/de\/?s={search_term_string}"},"query-input":{"@type":"PropertyValueSpecification","valueRequired":true,"valueName":"search_term_string"}}],"inLanguage":"de"}]}},"_links":{"self":[{"href":"https:\/\/www.jk7spawellness.com\/de\/wp-json\/wp\/v2\/pages\/2017","targetHints":{"allow":["GET"]}}],"collection":[{"href":"https:\/\/www.jk7spawellness.com\/de\/wp-json\/wp\/v2\/pages"}],"about":[{"href":"https:\/\/www.jk7spawellness.com\/de\/wp-json\/wp\/v2\/types\/page"}],"author":[{"embeddable":true,"href":"https:\/\/www.jk7spawellness.com\/de\/wp-json\/wp\/v2\/users\/1"}],"replies":[{"embeddable":true,"href":"https:\/\/www.jk7spawellness.com\/de\/wp-json\/wp\/v2\/comments?post=2017"}],"version-history":[{"count":4,"href":"https:\/\/www.jk7spawellness.com\/de\/wp-json\/wp\/v2\/pages\/2017\/revisions"}],"predecessor-version":[{"id":3105,"href":"https:\/\/www.jk7spawellness.com\/de\/wp-json\/wp\/v2\/pages\/2017\/revisions\/3105"}],"wp:attachment":[{"href":"https:\/\/www.jk7spawellness.com\/de\/wp-json\/wp\/v2\/media?parent=2017"}],"curies":[{"name":"wp","href":"https:\/\/api.w.org\/{rel}","templated":true}]}}